{"id":22,"date":"2025-04-08T08:05:12","date_gmt":"2025-04-08T06:05:12","guid":{"rendered":"https:\/\/foto.geof.unizg.hr\/climanatres\/?page_id=22"},"modified":"2025-04-10T10:36:30","modified_gmt":"2025-04-10T08:36:30","slug":"naslovnica","status":"publish","type":"page","link":"https:\/\/climanatres.geof.hr\/index.php\/naslovnica\/","title":{"rendered":"Naslovnica"},"content":{"rendered":"<ul class=\"wp-block-latest-posts__list alignfull wp-block-latest-posts\"><li><div class=\"wp-block-latest-posts__featured-image\"><img fetchpriority=\"high\" decoding=\"async\" width=\"225\" height=\"300\" src=\"https:\/\/climanatres.geof.hr\/wp-content\/uploads\/2026\/03\/WhatsApp-Image-2026-03-31-at-11.18.26-1-225x300.jpeg\" class=\"attachment-medium size-medium wp-post-image\" alt=\"\" style=\"\" srcset=\"https:\/\/climanatres.geof.hr\/wp-content\/uploads\/2026\/03\/WhatsApp-Image-2026-03-31-at-11.18.26-1-225x300.jpeg 225w, https:\/\/climanatres.geof.hr\/wp-content\/uploads\/2026\/03\/WhatsApp-Image-2026-03-31-at-11.18.26-1-768x1024.jpeg 768w, https:\/\/climanatres.geof.hr\/wp-content\/uploads\/2026\/03\/WhatsApp-Image-2026-03-31-at-11.18.26-1-1152x1536.jpeg 1152w, https:\/\/climanatres.geof.hr\/wp-content\/uploads\/2026\/03\/WhatsApp-Image-2026-03-31-at-11.18.26-1.jpeg 1200w\" sizes=\"(max-width: 225px) 100vw, 225px\" \/><\/div><a class=\"wp-block-latest-posts__post-title\" href=\"https:\/\/climanatres.geof.hr\/index.php\/en\/2nd-project-partners-and-steering-committee-meeting\/\">2nd Project Partners and Steering Committee Meeting<\/a><div class=\"wp-block-latest-posts__post-full-content\"><!-- wp:paragraph {\"dateUpdated\":1774950939329} -->\n<p>On March 25th and 26th, 2026, the second Partners and Steering Committee Meeting of the CLIMANATRES project was held at the Zasavica Special Nature Reserve in Serbia. As one of the key partners, representatives from the Faculty of Geodesy, University of Zagreb, actively participated in the sessions and presented the results achieved to date.<\/p>\n<!-- \/wp:paragraph -->\n\n<!-- wp:paragraph -->\n<p>On behalf of the Faculty of Geodesy team, Katarina Barnjak introduced the Web GIS interface currently under development within the work package led by GEOF. This interface will serve as a core platform for visualizing bioclimatic variables and publishing project results, providing stakeholders with easy access to the data necessary for ecological restoration planning.<\/p>\n<!-- \/wp:paragraph -->\n\n<!-- wp:paragraph -->\n<p>The meeting highlighted the results of the first year of implementation, with a specific focus on:<\/p>\n<!-- \/wp:paragraph -->\n\n<!-- wp:list -->\n<ul class=\"wp-block-list\"><!-- wp:list-item -->\n<li>New climate change projections (CMIP6) for the Danube and Carpathian regions.<\/li>\n<!-- \/wp:list-item -->\n\n<!-- wp:list-item -->\n<li>Vegetation mapping methodology to be implemented in the upcoming season.<\/li>\n<!-- \/wp:list-item -->\n\n<!-- wp:list-item -->\n<li>Stakeholder involvement in habitat restoration decision-making processes.<\/li>\n<!-- \/wp:list-item --><\/ul>\n<!-- \/wp:list -->\n\n<!-- wp:paragraph -->\n<p>The gathering provided an opportunity to align activities with the Lead Partner (HUN-REN Centre for Ecological Research) and other regional partners. The meeting was also attended by Guszt\u00e1v Csomor, representative of the Danube Region Programme (DRP) Managing Authority, who monitored the progress reporting. In addition to the technical sessions, the hosts in Zasavica organized a field tour of the reserve, allowing partners to gain first-hand insight into local nature conservation challenges.<\/p>\n<!-- \/wp:paragraph -->\n\n<!-- wp:paragraph {\"dateUpdated\":1774950939329} -->\n<p>This meeting has established a solid foundation for the upcoming project phase, which includes intensive fieldwork and the enhancement of digital tools for habitat modeling.<\/p>\n<!-- \/wp:paragraph -->\n\n<!-- wp:image {\"id\":701,\"sizeSlug\":\"large\",\"linkDestination\":\"none\",\"align\":\"center\"} -->\n<figure class=\"wp-block-image aligncenter size-large\"><img decoding=\"async\" width=\"1280\" height=\"960\" src=\"https:\/\/climanatres.geof.hr\/wp-content\/uploads\/2026\/03\/Katarina_presenting-1-edited.jpg\" alt=\"\" class=\"wp-image-701\" srcset=\"https:\/\/climanatres.geof.hr\/wp-content\/uploads\/2026\/03\/Katarina_presenting-1-edited.jpg 1280w, https:\/\/climanatres.geof.hr\/wp-content\/uploads\/2026\/03\/Katarina_presenting-1-edited-300x225.jpg 300w, https:\/\/climanatres.geof.hr\/wp-content\/uploads\/2026\/03\/Katarina_presenting-1-edited-1024x768.jpg 1024w, https:\/\/climanatres.geof.hr\/wp-content\/uploads\/2026\/03\/Katarina_presenting-1-edited-768x576.jpg 768w\" sizes=\"(max-width: 1280px) 100vw, 1280px\" \/><\/figure>\n<!-- \/wp:image --><\/div><\/li>\n<li><div class=\"wp-block-latest-posts__featured-image\"><img decoding=\"async\" width=\"225\" height=\"300\" src=\"https:\/\/climanatres.geof.hr\/wp-content\/uploads\/2026\/03\/WhatsApp-Image-2026-03-31-at-11.18.26-225x300.jpeg\" class=\"attachment-medium size-medium wp-post-image\" alt=\"\" style=\"\" srcset=\"https:\/\/climanatres.geof.hr\/wp-content\/uploads\/2026\/03\/WhatsApp-Image-2026-03-31-at-11.18.26-225x300.jpeg 225w, https:\/\/climanatres.geof.hr\/wp-content\/uploads\/2026\/03\/WhatsApp-Image-2026-03-31-at-11.18.26-768x1024.jpeg 768w, https:\/\/climanatres.geof.hr\/wp-content\/uploads\/2026\/03\/WhatsApp-Image-2026-03-31-at-11.18.26-1152x1536.jpeg 1152w, https:\/\/climanatres.geof.hr\/wp-content\/uploads\/2026\/03\/WhatsApp-Image-2026-03-31-at-11.18.26.jpeg 1200w\" sizes=\"(max-width: 225px) 100vw, 225px\" \/><\/div><a class=\"wp-block-latest-posts__post-title\" href=\"https:\/\/climanatres.geof.hr\/index.php\/drugi-sastanak-projektnih-partnera-i-upravnog-odbora\/\">Drugi sastanak projektnih partnera i Upravnog odbora<\/a><div class=\"wp-block-latest-posts__post-full-content\"><!-- wp:paragraph {\"dateUpdated\":1774947043550} -->\n<p>Dana 25. i 26. o\u017eujka 2026. godine, u Specijalnom rezervatu prirode Zasavica (Srbija), odr\u017ean je drugi sastanak partnera i Upravnog odbora projekta CLIMANATRES. Kao jedan od klju\u010dnih partnera, predstavnici Geodetskog fakulteta Sveu\u010dili\u0161ta u Zagrebu aktivno su sudjelovali u radu i prezentaciji dosada\u0161njih rezultata.<\/p>\n<!-- \/wp:paragraph -->\n\n<!-- wp:paragraph {\"dateUpdated\":1774947043550} -->\n<p>U ime tima Geodetskog fakulteta, Katarina Barnjak predstavila je Web GIS su\u010delje koje se trenutno razvija u sklopu radnog paketa za koji je zadu\u017een GEOF. Ovo su\u010delje slu\u017eit \u0107e kao klju\u010dna platforma za vizualizaciju bioklimatskih varijabli i objavu rezultata projekta, omogu\u0107uju\u0107i dionicima lak pristup podacima potrebnim za planiranje ekolo\u0161ke obnove.<\/p>\n<!-- \/wp:paragraph -->\n\n<!-- wp:paragraph -->\n<p>Na sastanku su prezentirani rezultati prve godine provedbe, s posebnim naglaskom na:<\/p>\n<!-- \/wp:paragraph -->\n\n<!-- wp:list -->\n<ul class=\"wp-block-list\"><!-- wp:list-item -->\n<li>Nove klimatske projekcije (CMIP6) za dunavsku i karpatsku regiju.<\/li>\n<!-- \/wp:list-item -->\n\n<!-- wp:list-item -->\n<li>Metodologiju mapiranja vegetacije koja \u0107e se provoditi u nadolaze\u0107oj sezoni.<\/li>\n<!-- \/wp:list-item -->\n\n<!-- wp:list-item -->\n<li>Uklju\u010divanje dionika u procese dono\u0161enja odluka o obnovi stani\u0161ta.<\/li>\n<!-- \/wp:list-item --><\/ul>\n<!-- \/wp:list -->\n\n<!-- wp:paragraph -->\n<p>Sastanak je bio prilika za uskla\u0111ivanje aktivnosti s vode\u0107im partnerom (HUN-REN Centar za ekolo\u0161ka istra\u017eivanja) i ostalim partnerima iz regije. Sastanku je prisustvovao i predstavnik Upravlja\u010dkog tijela Dunavskog programa (DRP), Guszt\u00e1v Csomor, koji je pratio izvje\u0161tavanje o napretku. Osim radnog dijela, doma\u0107ini iz Zasavice organizirali su obilazak rezervata kako bi se partneri iz prve ruke upoznali s izazovima o\u010duvanja prirode na terenu.<\/p>\n<!-- \/wp:paragraph -->\n\n<!-- wp:paragraph -->\n<p>Ovim susretom postavljen je temelj za nadolaze\u0107u fazu projekta koja uklju\u010duje intenzivne terenske aktivnosti i nadogradnju digitalnih alata za modeliranje stani\u0161ta.<\/p>\n<!-- \/wp:paragraph -->\n\n<!-- wp:image {\"id\":695,\"sizeSlug\":\"large\",\"linkDestination\":\"none\",\"align\":\"center\"} -->\n<figure class=\"wp-block-image aligncenter size-large\"><img loading=\"lazy\" decoding=\"async\" width=\"1280\" height=\"960\" src=\"https:\/\/climanatres.geof.hr\/wp-content\/uploads\/2026\/03\/Katarina_presenting-edited.jpg\" alt=\"\" class=\"wp-image-695\" srcset=\"https:\/\/climanatres.geof.hr\/wp-content\/uploads\/2026\/03\/Katarina_presenting-edited.jpg 1280w, https:\/\/climanatres.geof.hr\/wp-content\/uploads\/2026\/03\/Katarina_presenting-edited-300x225.jpg 300w, https:\/\/climanatres.geof.hr\/wp-content\/uploads\/2026\/03\/Katarina_presenting-edited-1024x768.jpg 1024w, https:\/\/climanatres.geof.hr\/wp-content\/uploads\/2026\/03\/Katarina_presenting-edited-768x576.jpg 768w\" sizes=\"(max-width: 1280px) 100vw, 1280px\" \/><\/figure>\n<!-- \/wp:image -->\n\n<!-- wp:paragraph -->\n<p><\/p>\n<!-- \/wp:paragraph --><\/div><\/li>\n<li><div class=\"wp-block-latest-posts__featured-image\"><img loading=\"lazy\" decoding=\"async\" width=\"300\" height=\"225\" src=\"https:\/\/climanatres.geof.hr\/wp-content\/uploads\/2026\/02\/image-300x225.jpg\" class=\"attachment-medium size-medium wp-post-image\" alt=\"\" style=\"\" srcset=\"https:\/\/climanatres.geof.hr\/wp-content\/uploads\/2026\/02\/image-300x225.jpg 300w, https:\/\/climanatres.geof.hr\/wp-content\/uploads\/2026\/02\/image-768x576.jpg 768w, https:\/\/climanatres.geof.hr\/wp-content\/uploads\/2026\/02\/image.jpg 1024w\" sizes=\"(max-width: 300px) 100vw, 300px\" \/><\/div><a class=\"wp-block-latest-posts__post-title\" href=\"https:\/\/climanatres.geof.hr\/index.php\/en\/workshop-held-synthesis-of-challenges-encountered-by-local-nature-conservation-actors\/\">Workshop Held: \u201cSynthesis of challenges encountered by local nature conservation actors\u201d<\/a><div class=\"wp-block-latest-posts__post-full-content\"><!-- wp:paragraph {\"dateUpdated\":1771494920864} -->\n<p>On February 17, 2026, in Rakitje, Croatia, the project partner \u201cPublic Institution Green Ring of Zagreb County\u201d organized a workshop titled \u201cSynthesis of challenges encountered by local nature conservation actors\u201d. Experts from the research sector gathered to identify the needs of local stakeholders and to jointly define models for application in local decision-making processes.<\/p>\n<!-- \/wp:paragraph -->\n\n<!-- wp:paragraph -->\n<p>The workshop was designed as an interactive process, where partners and stakeholders jointly selected priority target areas. This ensured a direct link between scientific models and practical, on-the-ground requirements. Through this approach, we are strengthening capacities for utilizing climate-informed models, which are essential for high-quality planning and the implementation of climate-smart management and ecosystem restoration.<\/p>\n<!-- \/wp:paragraph -->\n\n<!-- wp:image {\"id\":685,\"sizeSlug\":\"large\",\"linkDestination\":\"none\",\"align\":\"center\"} -->\n<figure class=\"wp-block-image aligncenter size-large\"><img loading=\"lazy\" decoding=\"async\" width=\"1024\" height=\"577\" src=\"https:\/\/climanatres.geof.hr\/wp-content\/uploads\/2026\/02\/group_photo_workshop_Rakitje-1024x577.jpg\" alt=\"\" class=\"wp-image-685\" srcset=\"https:\/\/climanatres.geof.hr\/wp-content\/uploads\/2026\/02\/group_photo_workshop_Rakitje-1024x577.jpg 1024w, https:\/\/climanatres.geof.hr\/wp-content\/uploads\/2026\/02\/group_photo_workshop_Rakitje-300x169.jpg 300w, https:\/\/climanatres.geof.hr\/wp-content\/uploads\/2026\/02\/group_photo_workshop_Rakitje-768x432.jpg 768w, https:\/\/climanatres.geof.hr\/wp-content\/uploads\/2026\/02\/group_photo_workshop_Rakitje-1536x865.jpg 1536w, https:\/\/climanatres.geof.hr\/wp-content\/uploads\/2026\/02\/group_photo_workshop_Rakitje-2048x1153.jpg 2048w\" sizes=\"(max-width: 1024px) 100vw, 1024px\" \/><\/figure>\n<!-- \/wp:image -->\n\n<!-- wp:paragraph -->\n<p> <\/p>\n<!-- \/wp:paragraph -->\n\n<!-- wp:paragraph -->\n<p>Active participants included members of the project team from the Faculty of Geodesy, University of Zagreb: Assoc. Prof. Mateo Ga\u0161parovi\u0107 and Katarina Barnjak. <\/p>\n<!-- \/wp:paragraph -->\n\n<!-- wp:paragraph -->\n<p>Special emphasis was placed on the project&#8217;s technological support. Katarina Barnjak introduced the Web GIS interface currently being developed by the Faculty of Geodesy. This platform will provide end-users with seamless access to project results, facilitating and enhancing data-driven decision-making.<\/p>\n<!-- \/wp:paragraph -->\n\n<!-- wp:image {\"id\":686,\"sizeSlug\":\"large\",\"linkDestination\":\"none\",\"align\":\"center\"} -->\n<figure class=\"wp-block-image aligncenter size-large\"><img loading=\"lazy\" decoding=\"async\" width=\"1024\" height=\"768\" src=\"https:\/\/climanatres.geof.hr\/wp-content\/uploads\/2026\/02\/webgis_kbarnjak_prezentation_workshop_Rakitje-1024x768.jpeg\" alt=\"\" class=\"wp-image-686\" srcset=\"https:\/\/climanatres.geof.hr\/wp-content\/uploads\/2026\/02\/webgis_kbarnjak_prezentation_workshop_Rakitje-1024x768.jpeg 1024w, https:\/\/climanatres.geof.hr\/wp-content\/uploads\/2026\/02\/webgis_kbarnjak_prezentation_workshop_Rakitje-300x225.jpeg 300w, https:\/\/climanatres.geof.hr\/wp-content\/uploads\/2026\/02\/webgis_kbarnjak_prezentation_workshop_Rakitje-768x576.jpeg 768w, https:\/\/climanatres.geof.hr\/wp-content\/uploads\/2026\/02\/webgis_kbarnjak_prezentation_workshop_Rakitje-1536x1152.jpeg 1536w, https:\/\/climanatres.geof.hr\/wp-content\/uploads\/2026\/02\/webgis_kbarnjak_prezentation_workshop_Rakitje.jpeg 2000w\" sizes=\"(max-width: 1024px) 100vw, 1024px\" \/><\/figure>\n<!-- \/wp:image -->\n\n<!-- wp:paragraph -->\n<p><\/p>\n<!-- \/wp:paragraph --><\/div><\/li>\n<li><div class=\"wp-block-latest-posts__featured-image\"><img loading=\"lazy\" decoding=\"async\" width=\"300\" height=\"225\" src=\"https:\/\/climanatres.geof.hr\/wp-content\/uploads\/2026\/02\/image-300x225.jpg\" class=\"attachment-medium size-medium wp-post-image\" alt=\"\" style=\"\" srcset=\"https:\/\/climanatres.geof.hr\/wp-content\/uploads\/2026\/02\/image-300x225.jpg 300w, https:\/\/climanatres.geof.hr\/wp-content\/uploads\/2026\/02\/image-768x576.jpg 768w, https:\/\/climanatres.geof.hr\/wp-content\/uploads\/2026\/02\/image.jpg 1024w\" sizes=\"(max-width: 300px) 100vw, 300px\" \/><\/div><a class=\"wp-block-latest-posts__post-title\" href=\"https:\/\/climanatres.geof.hr\/index.php\/odrzana-radionica-sinteza-izazova-s-kojima-se-susrecu-lokalni-dionici-u-ocuvanju-prirode\/\">Odr\u017eana radionica \u201eSinteza izazova s kojima se susre\u0107u lokalni dionici u o\u010duvanju prirode\u201c<\/a><div class=\"wp-block-latest-posts__post-full-content\"><!-- wp:paragraph -->\n<p>U Rakitju je 17. velja\u010de 2026. odr\u017eana radionica pod nazivom \u201eSinteza izazova s kojima se susre\u0107u lokalni dionici u o\u010duvanju prirode\u201c. Organizator doga\u0111anja bio je projektni partner \u201cJavna ustanova Zeleni prsten Zagreba\u010dke \u017eupanije\u201d. Na radionici su se okupili stru\u010dnjaci iz istra\u017eiva\u010dkog sektora s ciljem utvr\u0111ivanja potreba lokalnih dionika te zajedni\u010dkog definiranja modela koji \u0107e se primjenjivati u lokalnim procesima dono\u0161enja odluka.<\/p>\n<!-- \/wp:paragraph -->\n\n<!-- wp:paragraph -->\n<p>Radionica je provedena kao interaktivan proces u kojem su partneri i dionici zajedni\u010dki birali ciljna podru\u010dja od posebnog interesa, \u010dime je osigurana izravna povezanost znanstvenih modela s potrebama na terenu. Kroz ovakav pristup radimo na ja\u010danju kapaciteta za kori\u0161tenje klimatski informiranih modela, koji su klju\u010dni za kvalitetno planiranje i provedbu klimatski pametnog upravljanja te obnovu prirode.<\/p>\n<!-- \/wp:paragraph -->\n\n<!-- wp:image {\"id\":685,\"sizeSlug\":\"large\",\"linkDestination\":\"none\",\"align\":\"center\"} -->\n<figure class=\"wp-block-image aligncenter size-large\"><img loading=\"lazy\" decoding=\"async\" width=\"1024\" height=\"577\" src=\"https:\/\/climanatres.geof.hr\/wp-content\/uploads\/2026\/02\/group_photo_workshop_Rakitje-1024x577.jpg\" alt=\"\" class=\"wp-image-685\" srcset=\"https:\/\/climanatres.geof.hr\/wp-content\/uploads\/2026\/02\/group_photo_workshop_Rakitje-1024x577.jpg 1024w, https:\/\/climanatres.geof.hr\/wp-content\/uploads\/2026\/02\/group_photo_workshop_Rakitje-300x169.jpg 300w, https:\/\/climanatres.geof.hr\/wp-content\/uploads\/2026\/02\/group_photo_workshop_Rakitje-768x432.jpg 768w, https:\/\/climanatres.geof.hr\/wp-content\/uploads\/2026\/02\/group_photo_workshop_Rakitje-1536x865.jpg 1536w, https:\/\/climanatres.geof.hr\/wp-content\/uploads\/2026\/02\/group_photo_workshop_Rakitje-2048x1153.jpg 2048w\" sizes=\"(max-width: 1024px) 100vw, 1024px\" \/><\/figure>\n<!-- \/wp:image -->\n\n<!-- wp:paragraph {\"dateUpdated\":1771493915168} -->\n<p><\/p>\n<!-- \/wp:paragraph -->\n\n<!-- wp:paragraph -->\n<p>Na radionici su aktivno sudjelovali \u010dlanovi projektnog tima s Geodetskog fakulteta Sveu\u010dili\u0161ta u Zagrebu: izv. prof. dr. sc. Mateo Ga\u0161parovi\u0107 i Katarina Barnjak.<\/p>\n<!-- \/wp:paragraph -->\n\n<!-- wp:paragraph -->\n<p>Poseban naglasak stavljen je na tehnolo\u0161ku podr\u0161ku projektu. Katarina Barnjak predstavila je Web GIS su\u010delje koje razvija Geodetski fakultet, a koje \u0107e krajnjim korisnicima omogu\u0107iti jednostavan pristup rezultatima projekta i olak\u0161ati dono\u0161enje odluka temeljenih na podacima.<\/p>\n<!-- \/wp:paragraph -->\n\n<!-- wp:image {\"id\":686,\"sizeSlug\":\"large\",\"linkDestination\":\"none\",\"align\":\"center\"} -->\n<figure class=\"wp-block-image aligncenter size-large\"><img loading=\"lazy\" decoding=\"async\" width=\"1024\" height=\"768\" src=\"https:\/\/climanatres.geof.hr\/wp-content\/uploads\/2026\/02\/webgis_kbarnjak_prezentation_workshop_Rakitje-1024x768.jpeg\" alt=\"\" class=\"wp-image-686\" srcset=\"https:\/\/climanatres.geof.hr\/wp-content\/uploads\/2026\/02\/webgis_kbarnjak_prezentation_workshop_Rakitje-1024x768.jpeg 1024w, https:\/\/climanatres.geof.hr\/wp-content\/uploads\/2026\/02\/webgis_kbarnjak_prezentation_workshop_Rakitje-300x225.jpeg 300w, https:\/\/climanatres.geof.hr\/wp-content\/uploads\/2026\/02\/webgis_kbarnjak_prezentation_workshop_Rakitje-768x576.jpeg 768w, https:\/\/climanatres.geof.hr\/wp-content\/uploads\/2026\/02\/webgis_kbarnjak_prezentation_workshop_Rakitje-1536x1152.jpeg 1536w, https:\/\/climanatres.geof.hr\/wp-content\/uploads\/2026\/02\/webgis_kbarnjak_prezentation_workshop_Rakitje.jpeg 2000w\" sizes=\"(max-width: 1024px) 100vw, 1024px\" \/><\/figure>\n<!-- \/wp:image -->\n\n<!-- wp:paragraph -->\n<p><\/p>\n<!-- \/wp:paragraph --><\/div><\/li>\n<li><div class=\"wp-block-latest-posts__featured-image\"><img loading=\"lazy\" decoding=\"async\" width=\"300\" height=\"160\" src=\"https:\/\/climanatres.geof.hr\/wp-content\/uploads\/2026\/01\/Gemini_Generated_Image_hz5y4thz5y4thz5y-1-300x160.png\" class=\"attachment-medium size-medium wp-post-image\" alt=\"\" style=\"\" srcset=\"https:\/\/climanatres.geof.hr\/wp-content\/uploads\/2026\/01\/Gemini_Generated_Image_hz5y4thz5y4thz5y-1-300x160.png 300w, https:\/\/climanatres.geof.hr\/wp-content\/uploads\/2026\/01\/Gemini_Generated_Image_hz5y4thz5y4thz5y-1-1024x547.png 1024w, https:\/\/climanatres.geof.hr\/wp-content\/uploads\/2026\/01\/Gemini_Generated_Image_hz5y4thz5y4thz5y-1-768x410.png 768w, https:\/\/climanatres.geof.hr\/wp-content\/uploads\/2026\/01\/Gemini_Generated_Image_hz5y4thz5y4thz5y-1-1536x820.png 1536w, https:\/\/climanatres.geof.hr\/wp-content\/uploads\/2026\/01\/Gemini_Generated_Image_hz5y4thz5y4thz5y-1-2048x1094.png 2048w\" sizes=\"(max-width: 300px) 100vw, 300px\" \/><\/div><a class=\"wp-block-latest-posts__post-title\" href=\"https:\/\/climanatres.geof.hr\/index.php\/en\/first-phase-of-the-project-officially-approved\/\">First Phase of the Project Officially Approved<\/a><div class=\"wp-block-latest-posts__post-full-content\"><!-- wp:paragraph -->\n<p>The first reporting period of the CLIMANATRES project, covering activities conducted from April 1 to September 30, 2025, has been successfully concluded and officially validated.<\/p>\n<!-- \/wp:paragraph -->\n\n<!-- wp:paragraph -->\n<p>During this period, all preparatory activities necessary for the operational implementation of the project were carried out. The highlight of this initial phase was the Kick-off meeting. This meeting served as the foundation for strategic planning and operational alignment, where all project partners defined the working methodology, distribution of tasks, and specific goals to be achieved throughout the project.<\/p>\n<!-- \/wp:paragraph -->\n\n<!-- wp:paragraph -->\n<p>All planned project activities, deliverables, and administrative obligations scheduled for this period were executed in a timely manner, which was confirmed by the official approval of the report by the competent authorities. This establishes a solid foundation for the continuation of expert research and the implementation of activities in the upcoming phases of the project. <\/p>\n<!-- \/wp:paragraph -->\n\n<!-- wp:paragraph -->\n<p>Encouraged by the successful completion of the first phase, we continue towards new project achievements with great enthusiasm and motivation!<\/p>\n<!-- \/wp:paragraph -->\n\n<!-- wp:paragraph -->\n<p><\/p>\n<!-- \/wp:paragraph -->\n\n<!-- wp:paragraph -->\n<p><\/p>\n<!-- \/wp:paragraph -->\n\n<!-- wp:uagb\/image {\"block_id\":\"41fe7d25\",\"url\":\"https:\/\/climanatres.geof.hr\/wp-content\/uploads\/2026\/01\/1st_phase_approved_img_eng.png\",\"urlTablet\":\"https:\/\/climanatres.geof.hr\/wp-content\/uploads\/2026\/01\/1st_phase_approved_img_eng.png\",\"urlMobile\":\"https:\/\/climanatres.geof.hr\/wp-content\/uploads\/2026\/01\/1st_phase_approved_img_eng.png\",\"align\":\"center\",\"id\":673,\"linkDestination\":\"none\",\"title\":\"1st_phase_approved_img_eng\",\"width\":607,\"height\":173,\"naturalWidth\":803,\"naturalHeight\":229,\"sizeSlug\":\"full\",\"sizeSlugTablet\":\"full\",\"sizeSlugMobile\":\"full\",\"dateUpdated\":1768490167978} -->\n<div class=\"wp-block-uagb-image aligncenter uagb-block-41fe7d25 wp-block-uagb-image--layout-default wp-block-uagb-image--effect-static wp-block-uagb-image--align-center\"><figure class=\"wp-block-uagb-image__figure\"><img loading=\"lazy\" decoding=\"async\" src=\"https:\/\/climanatres.geof.hr\/wp-content\/uploads\/2026\/01\/1st_phase_approved_img_eng.png\" alt=\"\" class=\"uag-image-673\" width=\"607\" height=\"173\" title=\"1st_phase_approved_img_eng\" loading=\"lazy\" role=\"img\" \/><\/figure><\/div>\n<!-- \/wp:uagb\/image -->\n\n<!-- wp:paragraph -->\n<p><\/p>\n<!-- \/wp:paragraph --><\/div><\/li>\n<\/ul>\n\n\n<p><\/p>\n\n\n\n<p><\/p>\n","protected":false},"excerpt":{"rendered":"","protected":false},"author":2,"featured_media":0,"parent":0,"menu_order":0,"comment_status":"closed","ping_status":"closed","template":"","meta":{"_eb_attr":"","_uag_custom_page_level_css":"","site-sidebar-layout":"right-sidebar","site-content-layout":"","ast-site-content-layout":"normal-width-container","site-content-style":"boxed","site-sidebar-style":"boxed","ast-global-header-display":"","ast-banner-title-visibility":"","ast-main-header-display":"","ast-hfb-above-header-display":"","ast-hfb-below-header-display":"","ast-hfb-mobile-header-display":"","site-post-title":"","ast-breadcrumbs-content":"","ast-featured-img":"","footer-sml-layout":"","theme-transparent-header-meta":"","adv-header-id-meta":"","stick-header-meta":"","header-above-stick-meta":"","header-main-stick-meta":"","header-below-stick-meta":"","astra-migrate-meta-layouts":"default","ast-page-background-enabled":"default","ast-page-background-meta":{"desktop":{"background-color":"var(--ast-global-color-5)","background-image":"","background-repeat":"repeat","background-position":"center center","background-size":"auto","background-attachment":"scroll","background-type":"","background-media":"","overlay-type":"","overlay-color":"","overlay-opacity":"","overlay-gradient":""},"tablet":{"background-color":"","background-image":"","background-repeat":"repeat","background-position":"center center","background-size":"auto","background-attachment":"scroll","background-type":"","background-media":"","overlay-type":"","overlay-color":"","overlay-opacity":"","overlay-gradient":""},"mobile":{"background-color":"","background-image":"","background-repeat":"repeat","background-position":"center center","background-size":"auto","background-attachment":"scroll","background-type":"","background-media":"","overlay-type":"","overlay-color":"","overlay-opacity":"","overlay-gradient":""}},"ast-content-background-meta":{"desktop":{"background-color":"var(--ast-global-color-4)","background-image":"","background-repeat":"repeat","background-position":"center center","background-size":"auto","background-attachment":"scroll","background-type":"","background-media":"","overlay-type":"","overlay-color":"","overlay-opacity":"","overlay-gradient":""},"tablet":{"background-color":"var(--ast-global-color-4)","background-image":"","background-repeat":"repeat","background-position":"center center","background-size":"auto","background-attachment":"scroll","background-type":"","background-media":"","overlay-type":"","overlay-color":"","overlay-opacity":"","overlay-gradient":""},"mobile":{"background-color":"var(--ast-global-color-4)","background-image":"","background-repeat":"repeat","background-position":"center center","background-size":"auto","background-attachment":"scroll","background-type":"","background-media":"","overlay-type":"","overlay-color":"","overlay-opacity":"","overlay-gradient":""}},"_themeisle_gutenberg_block_has_review":false,"footnotes":""},"class_list":["post-22","page","type-page","status-publish","hentry"],"uagb_featured_image_src":{"full":false,"thumbnail":false,"medium":false,"medium_large":false,"large":false,"1536x1536":false,"2048x2048":false},"uagb_author_info":{"display_name":"Ivana Jarak","author_link":"https:\/\/climanatres.geof.hr\/index.php\/author\/ijarak\/"},"uagb_comment_info":0,"uagb_excerpt":null,"_links":{"self":[{"href":"https:\/\/climanatres.geof.hr\/index.php\/wp-json\/wp\/v2\/pages\/22","targetHints":{"allow":["GET"]}}],"collection":[{"href":"https:\/\/climanatres.geof.hr\/index.php\/wp-json\/wp\/v2\/pages"}],"about":[{"href":"https:\/\/climanatres.geof.hr\/index.php\/wp-json\/wp\/v2\/types\/page"}],"author":[{"embeddable":true,"href":"https:\/\/climanatres.geof.hr\/index.php\/wp-json\/wp\/v2\/users\/2"}],"replies":[{"embeddable":true,"href":"https:\/\/climanatres.geof.hr\/index.php\/wp-json\/wp\/v2\/comments?post=22"}],"version-history":[{"count":17,"href":"https:\/\/climanatres.geof.hr\/index.php\/wp-json\/wp\/v2\/pages\/22\/revisions"}],"predecessor-version":[{"id":577,"href":"https:\/\/climanatres.geof.hr\/index.php\/wp-json\/wp\/v2\/pages\/22\/revisions\/577"}],"wp:attachment":[{"href":"https:\/\/climanatres.geof.hr\/index.php\/wp-json\/wp\/v2\/media?parent=22"}],"curies":[{"name":"wp","href":"https:\/\/api.w.org\/{rel}","templated":true}]}}