{"id":35,"date":"2025-04-08T08:45:56","date_gmt":"2025-04-08T06:45:56","guid":{"rendered":"https:\/\/foto.geof.unizg.hr\/climanatres\/?page_id=35"},"modified":"2026-01-15T09:46:07","modified_gmt":"2026-01-15T08:46:07","slug":"projektni-tim","status":"publish","type":"page","link":"https:\/\/climanatres.geof.hr\/index.php\/projektni-tim\/","title":{"rendered":"Projektni tim"},"content":{"rendered":"\n<p>Dana 01.04.2025. godine donesena je odluka o osnivanju projektnog tima CLIMANATRES na Geodetskom fakultetu Sveu\u010dili\u0161ta u Zagrebu. Tom odlukom osnovan je projektni tim za rad na projektu &#8220;Klimatsko ja\u010danje planova obnove prirode u srednjoj i donjoj dunavskoj regiji &#8211; CLIMANATRES&#8221; u sklopu 2. poziv transnacionalnog programa suradnje Interreg Dunavska regija 2021.-2027.<\/p>\n\n\n\n<div class=\"wp-block-group is-layout-constrained wp-container-core-group-is-layout-704e782a wp-block-group-is-layout-constrained\">\n<div class=\"wp-block-columns is-layout-flex wp-container-core-columns-is-layout-28f84493 wp-block-columns-is-layout-flex\">\n<div class=\"wp-block-column is-layout-flow wp-block-column-is-layout-flow\" style=\"flex-basis:250px\">\n<figure class=\"wp-block-image size-full is-resized is-style-rounded\"><img fetchpriority=\"high\" decoding=\"async\" width=\"800\" height=\"800\" src=\"https:\/\/climanatres.geof.hr\/wp-content\/uploads\/2026\/01\/MG_image.jpg\" alt=\"\" class=\"wp-image-655\" style=\"width:250px\" srcset=\"https:\/\/climanatres.geof.hr\/wp-content\/uploads\/2026\/01\/MG_image.jpg 800w, https:\/\/climanatres.geof.hr\/wp-content\/uploads\/2026\/01\/MG_image-300x300.jpg 300w, https:\/\/climanatres.geof.hr\/wp-content\/uploads\/2026\/01\/MG_image-150x150.jpg 150w, https:\/\/climanatres.geof.hr\/wp-content\/uploads\/2026\/01\/MG_image-768x768.jpg 768w\" sizes=\"(max-width: 800px) 100vw, 800px\" \/><\/figure>\n<\/div>\n\n\n\n<div class=\"wp-block-column is-layout-flow wp-block-column-is-layout-flow\">\n<div class=\"wp-block-uagb-advanced-heading uagb-block-959599cb\"><h2 class=\"uagb-heading-text\">izv. prof. dr. sc.&nbsp;Mateo&nbsp;Ga\u0161parovi\u0107<\/h2><\/div>\n\n\n\n<p>Kontakt osoba i voditelj projekta na Geodetskom fakultetu<\/p>\n\n\n\n<p>Sveu\u010dili\u0161te u Zagrebu Geodetski fakultet<\/p>\n\n\n\n<figure class=\"wp-block-image size-large is-resized\"><img decoding=\"async\" width=\"1024\" height=\"502\" src=\"https:\/\/climanatres.geof.hr\/wp-content\/uploads\/2025\/04\/geof_unizg_grb-1024x502.png\" alt=\"\" class=\"wp-image-100\" style=\"width:300px\" srcset=\"https:\/\/climanatres.geof.hr\/wp-content\/uploads\/2025\/04\/geof_unizg_grb-1024x502.png 1024w, https:\/\/climanatres.geof.hr\/wp-content\/uploads\/2025\/04\/geof_unizg_grb-300x147.png 300w, https:\/\/climanatres.geof.hr\/wp-content\/uploads\/2025\/04\/geof_unizg_grb-768x377.png 768w, https:\/\/climanatres.geof.hr\/wp-content\/uploads\/2025\/04\/geof_unizg_grb.png 1313w\" sizes=\"(max-width: 1024px) 100vw, 1024px\" \/><\/figure>\n\n\n\n<p><a href=\"mailto:mateo.gasparovic@geof.unizg.hr\">mateo.gasparovic@geof.unizg.hr<\/a><\/p>\n\n\n\n<p>Mateo Ga\u0161parovi\u0107, je izvanredni na Katedri za fotogrametriju i daljinsku detekciju na Geodetskom fakultetu. Trenutno je prodekan za nastavu i studente na Geodetskom fakultetu. Ro\u0111en je u Rijeci, Republika Hrvatska. Diplomirao je na Geodetskom fakultetu Sveu\u010dili\u0161ta u Zagrebu 2009. godine. Akademski naziv doktora tehni\u010dkih znanosti stekao je 2015. na Geodetskom fakultetu Sveu\u010dili\u0161ta u Zagrebu s doktorskom disertacijom Radiometrijsko izjedna\u010denje tekstura fotorealisti\u010dnih 3D modela. Podru\u010dje njegove stru\u010dnosti je razvoj algoritama daljinskih istra\u017eivanja, primjena daljinskih istra\u017eivanja u \u0161umarstvu, GIS i analiza prostornih podataka itd. Sudjelovao je u vi\u0161e od 15 znanstvenih projekata Geodetskog fakulteta i voditelj je znanstvenog projekta \u201eNapredne metode fotogrametrije i daljinskih istra\u017eivanja za pra\u0107enje promjena u okoli\u0161u (RS4ENVIRO)&#8221; financirano od strane Sveu\u010dili\u0161ta u Zagrebu, \u201eAutomatsko pra\u0107enje \u0161uma uskolisnog jasena (Fraxinus angustifolia Vahl) metodama daljinskog istra\u017eivanja i podataka Copernicus (RS4EST)\u201c, financirano od strane ESA-e. Kao autor i koautor, objavio je vi\u0161e od 45 znanstvenih radova objavljenih u znanstvenim \u010dasopisima indeksiranim u Web of Science Core Collection (WoSCC), od \u010dega 20 u \u010dasopisima Q1. Recenzent je preko 220 radova u 25 znanstvenih \u010dasopisa, od \u010dega preko 100 u \u010dasopisima Q1.<\/p>\n<\/div>\n<\/div>\n<\/div>\n\n\n\n<div class=\"wp-block-group is-layout-constrained wp-container-core-group-is-layout-704e782a wp-block-group-is-layout-constrained\">\n<div class=\"wp-block-columns is-layout-flex wp-container-core-columns-is-layout-28f84493 wp-block-columns-is-layout-flex\">\n<div class=\"wp-block-column is-layout-flow wp-block-column-is-layout-flow\" style=\"flex-basis:250px\">\n<figure class=\"wp-block-image size-full is-style-rounded\"><img decoding=\"async\" width=\"1200\" height=\"1134\" src=\"https:\/\/climanatres.geof.hr\/wp-content\/uploads\/2026\/01\/KB_image2.jpg\" alt=\"\" class=\"wp-image-654\" srcset=\"https:\/\/climanatres.geof.hr\/wp-content\/uploads\/2026\/01\/KB_image2.jpg 1200w, https:\/\/climanatres.geof.hr\/wp-content\/uploads\/2026\/01\/KB_image2-300x284.jpg 300w, https:\/\/climanatres.geof.hr\/wp-content\/uploads\/2026\/01\/KB_image2-1024x968.jpg 1024w, https:\/\/climanatres.geof.hr\/wp-content\/uploads\/2026\/01\/KB_image2-768x726.jpg 768w\" sizes=\"(max-width: 1200px) 100vw, 1200px\" \/><\/figure>\n<\/div>\n\n\n\n<div class=\"wp-block-column is-layout-flow wp-block-column-is-layout-flow\">\n<div class=\"wp-block-uagb-advanced-heading uagb-block-14fb4dea\"><h2 class=\"uagb-heading-text\">Katarina Barnjak, univ. mag. ing. geod. et geoinf. <\/h2><\/div>\n\n\n\n<p>Suradnica na projektu<\/p>\n\n\n\n<p>Sveu\u010dili\u0161te u Zagrebu Geodetski fakultet<\/p>\n\n\n\n<figure class=\"wp-block-image size-large is-resized\"><img decoding=\"async\" width=\"1024\" height=\"502\" src=\"https:\/\/climanatres.geof.hr\/wp-content\/uploads\/2025\/04\/geof_unizg_grb-1024x502.png\" alt=\"\" class=\"wp-image-100\" style=\"width:300px\" srcset=\"https:\/\/climanatres.geof.hr\/wp-content\/uploads\/2025\/04\/geof_unizg_grb-1024x502.png 1024w, https:\/\/climanatres.geof.hr\/wp-content\/uploads\/2025\/04\/geof_unizg_grb-300x147.png 300w, https:\/\/climanatres.geof.hr\/wp-content\/uploads\/2025\/04\/geof_unizg_grb-768x377.png 768w, https:\/\/climanatres.geof.hr\/wp-content\/uploads\/2025\/04\/geof_unizg_grb.png 1313w\" sizes=\"(max-width: 1024px) 100vw, 1024px\" \/><\/figure>\n\n\n\n<p><a href=\"mailto:ivana.jarak@geof.unizg.hr\" data-type=\"mailto\" data-id=\"mailto:ivana.jarak@geof.unizg.hr\">katarina.barnjak@geof.unizg.hr<\/a><\/p>\n\n\n\n<p>Katarina Barnjak je suradnica je na projektu na Katedri za fotogrametriju i daljinska istra\u017eivanja Geodetskog fakulteta Sveu\u010dili\u0161ta u Zagrebu. Ro\u0111ena je u Zagrebu, Hrvatska, gdje je poha\u0111ala III. Gimnaziju, zatim Geodetski fakultet na kojem je diplomirala 2024. godine. Njezin magistarski rad bio je na temu \u201cProcjena solarnog potencijala krovova na temelju LIDAR podataka\u201d. Njezin trenutni rad temelji se na suradnji na projektu &#8221;Klimatsko ja\u010danje planova obnove prirode u srednjoj i donjoj dunavskoj regiji &#8211; CLIMANATRES.<\/p>\n<\/div>\n<\/div>\n<\/div>\n\n\n\n<p><\/p>\n","protected":false},"excerpt":{"rendered":"<p>Dana 01.04.2025. godine donesena je odluka o osnivanju projektnog tima CLIMANATRES na Geodetskom fakultetu Sveu\u010dili\u0161ta u Zagrebu. Tom odlukom osnovan je projektni tim za rad na projektu &#8220;Klimatsko ja\u010danje planova obnove prirode u srednjoj i donjoj dunavskoj regiji &#8211; CLIMANATRES&#8221; u sklopu 2. poziv transnacionalnog programa suradnje Interreg Dunavska regija 2021.-2027. izv. prof. dr. sc.&nbsp;Mateo&nbsp;Ga\u0161parovi\u0107 [&hellip;]<\/p>\n","protected":false},"author":2,"featured_media":0,"parent":0,"menu_order":0,"comment_status":"closed","ping_status":"closed","template":"","meta":{"_eb_attr":"","_uag_custom_page_level_css":"","site-sidebar-layout":"right-sidebar","site-content-layout":"","ast-site-content-layout":"default","site-content-style":"default","site-sidebar-style":"boxed","ast-global-header-display":"","ast-banner-title-visibility":"","ast-main-header-display":"","ast-hfb-above-header-display":"","ast-hfb-below-header-display":"","ast-hfb-mobile-header-display":"","site-post-title":"","ast-breadcrumbs-content":"","ast-featured-img":"","footer-sml-layout":"","theme-transparent-header-meta":"","adv-header-id-meta":"","stick-header-meta":"","header-above-stick-meta":"","header-main-stick-meta":"","header-below-stick-meta":"","astra-migrate-meta-layouts":"default","ast-page-background-enabled":"default","ast-page-background-meta":{"desktop":{"background-color":"var(--ast-global-color-5)","background-image":"","background-repeat":"repeat","background-position":"center center","background-size":"auto","background-attachment":"scroll","background-type":"","background-media":"","overlay-type":"","overlay-color":"","overlay-opacity":"","overlay-gradient":""},"tablet":{"background-color":"","background-image":"","background-repeat":"repeat","background-position":"center center","background-size":"auto","background-attachment":"scroll","background-type":"","background-media":"","overlay-type":"","overlay-color":"","overlay-opacity":"","overlay-gradient":""},"mobile":{"background-color":"","background-image":"","background-repeat":"repeat","background-position":"center center","background-size":"auto","background-attachment":"scroll","background-type":"","background-media":"","overlay-type":"","overlay-color":"","overlay-opacity":"","overlay-gradient":""}},"ast-content-background-meta":{"desktop":{"background-color":"var(--ast-global-color-4)","background-image":"","background-repeat":"repeat","background-position":"center center","background-size":"auto","background-attachment":"scroll","background-type":"","background-media":"","overlay-type":"","overlay-color":"","overlay-opacity":"","overlay-gradient":""},"tablet":{"background-color":"var(--ast-global-color-4)","background-image":"","background-repeat":"repeat","background-position":"center center","background-size":"auto","background-attachment":"scroll","background-type":"","background-media":"","overlay-type":"","overlay-color":"","overlay-opacity":"","overlay-gradient":""},"mobile":{"background-color":"var(--ast-global-color-4)","background-image":"","background-repeat":"repeat","background-position":"center center","background-size":"auto","background-attachment":"scroll","background-type":"","background-media":"","overlay-type":"","overlay-color":"","overlay-opacity":"","overlay-gradient":""}},"_themeisle_gutenberg_block_has_review":false,"footnotes":""},"class_list":["post-35","page","type-page","status-publish","hentry"],"uagb_featured_image_src":{"full":false,"thumbnail":false,"medium":false,"medium_large":false,"large":false,"1536x1536":false,"2048x2048":false},"uagb_author_info":{"display_name":"Ivana Jarak","author_link":"https:\/\/climanatres.geof.hr\/index.php\/author\/ijarak\/"},"uagb_comment_info":0,"uagb_excerpt":"Dana 01.04.2025. godine donesena je odluka o osnivanju projektnog tima CLIMANATRES na Geodetskom fakultetu Sveu\u010dili\u0161ta u Zagrebu. Tom odlukom osnovan je projektni tim za rad na projektu &#8220;Klimatsko ja\u010danje planova obnove prirode u srednjoj i donjoj dunavskoj regiji &#8211; CLIMANATRES&#8221; u sklopu 2. poziv transnacionalnog programa suradnje Interreg Dunavska regija 2021.-2027. izv. prof. dr. sc.&nbsp;Mateo&nbsp;Ga\u0161parovi\u0107&hellip;","_links":{"self":[{"href":"https:\/\/climanatres.geof.hr\/index.php\/wp-json\/wp\/v2\/pages\/35","targetHints":{"allow":["GET"]}}],"collection":[{"href":"https:\/\/climanatres.geof.hr\/index.php\/wp-json\/wp\/v2\/pages"}],"about":[{"href":"https:\/\/climanatres.geof.hr\/index.php\/wp-json\/wp\/v2\/types\/page"}],"author":[{"embeddable":true,"href":"https:\/\/climanatres.geof.hr\/index.php\/wp-json\/wp\/v2\/users\/2"}],"replies":[{"embeddable":true,"href":"https:\/\/climanatres.geof.hr\/index.php\/wp-json\/wp\/v2\/comments?post=35"}],"version-history":[{"count":18,"href":"https:\/\/climanatres.geof.hr\/index.php\/wp-json\/wp\/v2\/pages\/35\/revisions"}],"predecessor-version":[{"id":656,"href":"https:\/\/climanatres.geof.hr\/index.php\/wp-json\/wp\/v2\/pages\/35\/revisions\/656"}],"wp:attachment":[{"href":"https:\/\/climanatres.geof.hr\/index.php\/wp-json\/wp\/v2\/media?parent=35"}],"curies":[{"name":"wp","href":"https:\/\/api.w.org\/{rel}","templated":true}]}}